{"id":8441,"date":"2026-01-09T02:27:51","date_gmt":"2026-01-08T18:27:51","guid":{"rendered":"https:\/\/test.tiiocti.com\/?page_id=8441"},"modified":"2026-01-09T02:27:51","modified_gmt":"2026-01-08T18:27:51","slug":"sitemap","status":"publish","type":"page","link":"https:\/\/tiiocti.com\/fr\/sitemap\/","title":{"rendered":"Plan du site"},"content":{"rendered":"<div class=\"et_pb_section_0 et_pb_section et_section_regular et_block_section\">\n<div class=\"et_pb_row_0 et_pb_row et_pb_gutters3 et_block_row\">\n<div class=\"et_pb_column_0 et_pb_column et_pb_column_4_4 et-last-child et_block_column et_pb_css_mix_blend_mode_passthrough\">\n<div class=\"et_pb_code_0 et_pb_code et_pb_module\"><div class=\"et_pb_code_inner\">    <div class=\"tiio-sitemap-wrapper\">\n        \n        <div class=\"sitemap-col\">\n            <h2>Corporate & Pages<\/h2>\n            <ul class=\"sitemap-list\">\n                <li class=\"page_item page-item-239\"><a href=\"https:\/\/tiiocti.com\/fr\/about-us\/\">A propos de<\/a><\/li>\n<li class=\"page_item page-item-241\"><a href=\"https:\/\/tiiocti.com\/fr\/blog\/\">Blog<\/a><\/li>\n<li class=\"page_item page-item-468\"><a href=\"https:\/\/tiiocti.com\/fr\/canvas-totes\/\">Fourre-tout en toile<\/a><\/li>\n<li class=\"page_item page-item-7945\"><a href=\"https:\/\/tiiocti.com\/fr\/cold-chain-delivery-solutions\/\">Cold Chain And Delivery<\/a><\/li>\n<li class=\"page_item page-item-245\"><a href=\"https:\/\/tiiocti.com\/fr\/contact\/\">Contact<\/a><\/li>\n<li class=\"page_item page-item-4501\"><a href=\"https:\/\/tiiocti.com\/fr\/cooler-insulated-bags\/\">Cooler & Insulated Bags<\/a><\/li>\n<li class=\"page_item page-item-621\"><a href=\"https:\/\/tiiocti.com\/fr\/drawstring-bags\/\">Sacs \u00e0 cordon<\/a><\/li>\n<li class=\"page_item page-item-7963\"><a href=\"https:\/\/tiiocti.com\/fr\/factory-tour\/\">Visite de l'usine<\/a><\/li>\n<li class=\"page_item page-item-237\"><a href=\"https:\/\/tiiocti.com\/fr\/\">Accueil<\/a><\/li>\n<li class=\"page_item page-item-7934\"><a href=\"https:\/\/tiiocti.com\/fr\/jute-burlap\/\">Jute\/Burlap<\/a><\/li>\n<li class=\"page_item page-item-7943\"><a href=\"https:\/\/tiiocti.com\/fr\/logistics-moving-solutions\/\">Logistics And Moving<\/a><\/li>\n<li class=\"page_item page-item-8204\"><a href=\"https:\/\/tiiocti.com\/fr\/materials\/\">Mat\u00e9riaux<\/a><\/li>\n<li class=\"page_item page-item-3338\"><a href=\"https:\/\/tiiocti.com\/fr\/moving-bags\/\">sacs de d\u00e9m\u00e9nagement<\/a><\/li>\n<li class=\"page_item page-item-7928\"><a href=\"https:\/\/tiiocti.com\/fr\/organic-cotton\/\">Coton biologique<\/a><\/li>\n<li class=\"page_item page-item-7927\"><a href=\"https:\/\/tiiocti.com\/fr\/pp-woven\/\">PP tiss\u00e9<\/a><\/li>\n<li class=\"page_item page-item-7624\"><a href=\"https:\/\/tiiocti.com\/fr\/privacy-policy\/\">Politique de confidentialit\u00e9<\/a><\/li>\n<li class=\"page_item page-item-6273\"><a href=\"https:\/\/tiiocti.com\/fr\/products\/\">Produits<\/a><\/li>\n<li class=\"page_item page-item-7926\"><a href=\"https:\/\/tiiocti.com\/fr\/recycled-pet\/\">Recycled PET<\/a><\/li>\n<li class=\"page_item page-item-7944\"><a href=\"https:\/\/tiiocti.com\/fr\/retail-branding-solutions\/\">Retail & Branding<\/a><\/li>\n<li class=\"page_item page-item-620\"><a href=\"https:\/\/tiiocti.com\/fr\/shopping-bags\/\">Sacs \u00e0 provisions<\/a><\/li>\n<li class=\"page_item page-item-8441\"><a href=\"https:\/\/tiiocti.com\/fr\/sitemap\/\">Plan du site<\/a><\/li>\n<li class=\"page_item page-item-4759\"><a href=\"https:\/\/tiiocti.com\/fr\/solutions\/\">Solutions<\/a><\/li>\n<li class=\"page_item page-item-8421\"><a href=\"https:\/\/tiiocti.com\/fr\/terms\/\">Terms<\/a><\/li>\n<li class=\"page_item page-item-471\"><a href=\"https:\/\/tiiocti.com\/fr\/thank-you\/\">Thank you<\/a><\/li>\n            <\/ul>\n        <\/div>\n\n        <div class=\"sitemap-col\">\n            <h2>Product Categories<\/h2>\n            <ul class=\"sitemap-list\">\n                \t<li class=\"cat-item cat-item-1\"><a href=\"https:\/\/tiiocti.com\/fr\/category\/blog\/\">Blog<\/a>\n<\/li>\n            <\/ul>\n        <\/div>\n\n        <div class=\"sitemap-col\">\n            <h2>Latest Insights<\/h2>\n            <ul class=\"sitemap-list\">\n                                    <li>\n                        <a href=\"https:\/\/tiiocti.com\/fr\/moving-bags-vs-boxes-cost-efficiency\/\">\n                            Les sacs de d\u00e9m\u00e9nagement sont-ils moins chers que les cartons ? Analyse des co\u00fbts pour les d\u00e9m\u00e9nageurs                        <\/a>\n                    <\/li>\n                                    <li>\n                        <a href=\"https:\/\/tiiocti.com\/fr\/ikea-bag-alternative\/\">\n                            Sacs de d\u00e9m\u00e9nagement ou Frakta d'IKEA : Pourquoi vous avez besoin d'une fermeture \u00e9clair                        <\/a>\n                    <\/li>\n                                    <li>\n                        <a href=\"https:\/\/tiiocti.com\/fr\/how-to-buy-wholesale-supplies\/\">\n                            Pourquoi les fournitures de d\u00e9m\u00e9nagement local sont-elles si ch\u00e8res ? (40% Markup Exposed)                        <\/a>\n                    <\/li>\n                                    <li>\n                        <a href=\"https:\/\/tiiocti.com\/fr\/where-to-buy-bulk-shipping-supplies\/\">\n                            Where to Buy Shipping Boxes Near Me in Bulk? (2026 Guide)                        <\/a>\n                    <\/li>\n                                    <li>\n                        <a href=\"https:\/\/tiiocti.com\/fr\/ups-boxes-vs-moving-bags\/\">\n                            UPS Boxes vs. Factory Direct Moving Bags: Which is Best?                        <\/a>\n                    <\/li>\n                                    <li>\n                        <a href=\"https:\/\/tiiocti.com\/fr\/moving-supply-distributors\/\">\n                            Top 10 Wholesale Moving Supply Distributors (USA &#038; China)                        <\/a>\n                    <\/li>\n                                    <li>\n                        <a href=\"https:\/\/tiiocti.com\/fr\/waterproof-bag-materials-seams\/\">\n                            Woven Totes vs. PVC Dry Bags: The Real Waterproof Test                        <\/a>\n                    <\/li>\n                                    <li>\n                        <a href=\"https:\/\/tiiocti.com\/fr\/marine-grade-dry-bag-guide\/\">\n                            Best Dry Bags for Kayaking &#038; Marine Logistics (2026)                        <\/a>\n                    <\/li>\n                                    <li>\n                        <a href=\"https:\/\/tiiocti.com\/fr\/waterproof-bags-vs-plastic-bins\/\">\n                            Waterproof Moving Bags vs. Plastic Bins: Which is Better for Outdoor Storage?                        <\/a>\n                    <\/li>\n                                    <li>\n                        <a href=\"https:\/\/tiiocti.com\/fr\/500d-pvc-fabric-specs\/\">\n                            Heavy Duty Waterproof Bags: The 500D Tarpaulin Advantage                        <\/a>\n                    <\/li>\n                                    <li>\n                        <a href=\"https:\/\/tiiocti.com\/fr\/custom-moving-bags-marketing\/\">\n                            Custom Printed Moving Bags: Build Your Brand While You Move                        <\/a>\n                    <\/li>\n                                    <li>\n                        <a href=\"https:\/\/tiiocti.com\/fr\/moving-bag-size-guide\/\">\n                            Moving Bag Sizes Explained: 75L, 93L, or 125L?                        <\/a>\n                    <\/li>\n                                    <li>\n                        <a href=\"https:\/\/tiiocti.com\/fr\/custom-dry-bag-guide\/\">\n                            Where to Buy Wholesale Custom Dry Bags for Your Brand                        <\/a>\n                    <\/li>\n                                    <li>\n                        <a href=\"https:\/\/tiiocti.com\/fr\/waterproof-backpack-vs-duffle\/\">\n                            Dry Backpacks vs. Duffle Bags: Best Waterproof Travel Gear                        <\/a>\n                    <\/li>\n                                    <li>\n                        <a href=\"https:\/\/tiiocti.com\/fr\/moving-supplies-cost-analysis-for-movers\/\">\n                            Les sacs de d\u00e9m\u00e9nagement sont-ils moins chers que les cartons ? Analyse des co\u00fbts pour les d\u00e9m\u00e9nageurs                        <\/a>\n                    <\/li>\n                                    <li>\n                        <a href=\"https:\/\/tiiocti.com\/fr\/college-moving-bags\/\">\n                            Best Moving Bags for College: The Ultimate Dorm Packing List                        <\/a>\n                    <\/li>\n                                    <li>\n                        <a href=\"https:\/\/tiiocti.com\/fr\/custom-moving-bags-oem\/\">\n                            Better Than IKEA: Custom Branding Your Own Blue Moving Bags                        <\/a>\n                    <\/li>\n                                    <li>\n                        <a href=\"https:\/\/tiiocti.com\/fr\/flying-with-moving-bags\/\">\n                            Can You Check Moving Bags as Luggage? (Airline Guide 2026)                        <\/a>\n                    <\/li>\n                                    <li>\n                        <a href=\"https:\/\/tiiocti.com\/fr\/heavy-duty-moving-bags-quality-guide\/\">\n                            Top 10 Heavy Duty Moving Bags on Amazon (And The Factory Truth)                        <\/a>\n                    <\/li>\n                                    <li>\n                        <a href=\"https:\/\/tiiocti.com\/fr\/clear-bags-vs-cardboard-warehouse-efficiency\/\">\n                            Why &#8220;Visual Inventory&#8221; Bags Save Warehouses Time &#038; Money                        <\/a>\n                    <\/li>\n                            <\/ul>\n        <\/div>\n\n        <div class=\"sitemap-col\">\n            <h2>Monthly Archives<\/h2>\n            <ul class=\"sitemap-list\">\n                \t<li><a href='https:\/\/tiiocti.com\/fr\/2026\/01\/'>janvier 2026<\/a><\/li>\n\t<li><a href='https:\/\/tiiocti.com\/fr\/2025\/12\/'>d\u00e9cembre 2025<\/a><\/li>\n\t<li><a href='https:\/\/tiiocti.com\/fr\/2025\/11\/'>novembre 2025<\/a><\/li>\n\t<li><a href='https:\/\/tiiocti.com\/fr\/2025\/10\/'>octobre 2025<\/a><\/li>\n\t<li><a href='https:\/\/tiiocti.com\/fr\/2025\/09\/'>septembre 2025<\/a><\/li>\n\t<li><a href='https:\/\/tiiocti.com\/fr\/2025\/08\/'>ao\u00fbt 2025<\/a><\/li>\n\t<li><a href='https:\/\/tiiocti.com\/fr\/2025\/07\/'>juillet 2025<\/a><\/li>\n\t<li><a href='https:\/\/tiiocti.com\/fr\/2025\/06\/'>juin 2025<\/a><\/li>\n\t<li><a href='https:\/\/tiiocti.com\/fr\/2025\/05\/'>mai 2025<\/a><\/li>\n\t<li><a href='https:\/\/tiiocti.com\/fr\/2025\/04\/'>avril 2025<\/a><\/li>\n\t<li><a href='https:\/\/tiiocti.com\/fr\/2025\/01\/'>janvier 2025<\/a><\/li>\n\t<li><a href='https:\/\/tiiocti.com\/fr\/2024\/12\/'>d\u00e9cembre 2024<\/a><\/li>\n            <\/ul>\n        <\/div>\n\n    <\/div>\n    <\/div><\/div>\n<\/div>\n<\/div>\n<\/div>","protected":false},"excerpt":{"rendered":"","protected":false},"author":6,"featured_media":0,"parent":0,"menu_order":0,"comment_status":"closed","ping_status":"closed","template":"","meta":{"footnotes":""},"class_list":["post-8441","page","type-page","status-publish","hentry"],"_links":{"self":[{"href":"https:\/\/tiiocti.com\/fr\/wp-json\/wp\/v2\/pages\/8441","targetHints":{"allow":["GET"]}}],"collection":[{"href":"https:\/\/tiiocti.com\/fr\/wp-json\/wp\/v2\/pages"}],"about":[{"href":"https:\/\/tiiocti.com\/fr\/wp-json\/wp\/v2\/types\/page"}],"author":[{"embeddable":true,"href":"https:\/\/tiiocti.com\/fr\/wp-json\/wp\/v2\/users\/6"}],"replies":[{"embeddable":true,"href":"https:\/\/tiiocti.com\/fr\/wp-json\/wp\/v2\/comments?post=8441"}],"version-history":[{"count":4,"href":"https:\/\/tiiocti.com\/fr\/wp-json\/wp\/v2\/pages\/8441\/revisions"}],"predecessor-version":[{"id":8445,"href":"https:\/\/tiiocti.com\/fr\/wp-json\/wp\/v2\/pages\/8441\/revisions\/8445"}],"wp:attachment":[{"href":"https:\/\/tiiocti.com\/fr\/wp-json\/wp\/v2\/media?parent=8441"}],"curies":[{"name":"wp","href":"https:\/\/api.w.org\/{rel}","templated":true}]}}